{"id":3,"date":"2021-01-25T02:30:04","date_gmt":"2021-01-25T02:30:04","guid":{"rendered":"http:\/\/mallorcaempresa.com\/clinicasciaini\/?page_id=3"},"modified":"2022-08-18T08:18:20","modified_gmt":"2022-08-18T08:18:20","slug":"politica-de-privacidad","status":"publish","type":"page","link":"https:\/\/clinicavaleriasciaini.com\/en\/politica-de-privacidad\/","title":{"rendered":"Pol\u00edtica de privacidad"},"content":{"rendered":"<div data-elementor-type=\"wp-page\" data-elementor-id=\"3\" class=\"elementor elementor-3\" data-elementor-post-type=\"page\">\n\t\t\t\t\t\t<section class=\"elementor-section elementor-top-section elementor-element elementor-element-e385d8e elementor-section-boxed elementor-section-height-default elementor-section-height-default\" data-id=\"e385d8e\" data-element_type=\"section\" data-e-type=\"section\">\n\t\t\t\t\t\t<div class=\"elementor-container elementor-column-gap-default\">\n\t\t\t\t\t<div class=\"elementor-column elementor-col-100 elementor-top-column elementor-element elementor-element-49e5e84\" data-id=\"49e5e84\" data-element_type=\"column\" data-e-type=\"column\">\n\t\t\t<div class=\"elementor-widget-wrap elementor-element-populated\">\n\t\t\t\t\t\t<div class=\"elementor-element elementor-element-f80e86d elementor-widget elementor-widget-heading\" data-id=\"f80e86d\" data-element_type=\"widget\" data-e-type=\"widget\" data-widget_type=\"heading.default\">\n\t\t\t\t<div class=\"elementor-widget-container\">\n\t\t\t\t\t<h2 class=\"elementor-heading-title elementor-size-default\">Pol\u00edtica privacidad<\/h2>\t\t\t\t<\/div>\n\t\t\t\t<\/div>\n\t\t\t\t\t<\/div>\n\t\t<\/div>\n\t\t\t\t\t<\/div>\n\t\t<\/section>\n\t\t\t\t<section class=\"elementor-section elementor-top-section elementor-element elementor-element-86f04f9 elementor-section-boxed elementor-section-height-default elementor-section-height-default\" data-id=\"86f04f9\" data-element_type=\"section\" data-e-type=\"section\">\n\t\t\t\t\t\t<div class=\"elementor-container elementor-column-gap-default\">\n\t\t\t\t\t<div class=\"elementor-column elementor-col-100 elementor-top-column elementor-element elementor-element-a3d5131\" data-id=\"a3d5131\" data-element_type=\"column\" data-e-type=\"column\">\n\t\t\t<div class=\"elementor-widget-wrap elementor-element-populated\">\n\t\t\t\t\t\t<div class=\"elementor-element elementor-element-4eb442d elementor-widget elementor-widget-heading\" data-id=\"4eb442d\" data-element_type=\"widget\" data-e-type=\"widget\" data-widget_type=\"heading.default\">\n\t\t\t\t<div class=\"elementor-widget-container\">\n\t\t\t\t\t<h2 class=\"elementor-heading-title elementor-size-default\">IDENTIDAD Y DIRECCI\u00d3N DEL RESPONSABLE DEL FICHERO DONDE SE ENCUENTRAN SUS DATOS<\/h2>\t\t\t\t<\/div>\n\t\t\t\t<\/div>\n\t\t\t\t<div class=\"elementor-element elementor-element-dd3dec6 elementor-widget elementor-widget-text-editor\" data-id=\"dd3dec6\" data-element_type=\"widget\" data-e-type=\"widget\" data-widget_type=\"text-editor.default\">\n\t\t\t\t<div class=\"elementor-widget-container\">\n\t\t\t\t\t\t\t\t\t<p>En virtud de la Ley Org\u00e1nica 15\/1999, de 13 de diciembre, Protecci\u00f3n de Datos de Car\u00e1cter Personal, Policl\u00ednica Sciaini con domicilio social en Federico Tapia 58 15005 A Coru\u00f1a (de ahora en adelante el Responsable del Fichero), le informa que al introducir sus datos a trav\u00e9s de los formularios electr\u00f3nicos de nuestra web nos suministrar\u00e1 determinados datos de car\u00e1cter personal que se tratar\u00e1n de forma automatizada e incorporar\u00e1n a los correspondientes ficheros de los que Policl\u00ednica Sciaini es titular y Responsable.<\/p>\t\t\t\t\t\t\t\t<\/div>\n\t\t\t\t<\/div>\n\t\t\t\t<div class=\"elementor-element elementor-element-81dfcc2 elementor-widget elementor-widget-heading\" data-id=\"81dfcc2\" data-element_type=\"widget\" data-e-type=\"widget\" data-widget_type=\"heading.default\">\n\t\t\t\t<div class=\"elementor-widget-container\">\n\t\t\t\t\t<h2 class=\"elementor-heading-title elementor-size-default\">FINALIDAD DEL TRATAMIENTO DE SUS DATOS<\/h2>\t\t\t\t<\/div>\n\t\t\t\t<\/div>\n\t\t\t\t<div class=\"elementor-element elementor-element-085112a elementor-widget elementor-widget-text-editor\" data-id=\"085112a\" data-element_type=\"widget\" data-e-type=\"widget\" data-widget_type=\"text-editor.default\">\n\t\t\t\t<div class=\"elementor-widget-container\">\n\t\t\t\t\t\t\t\t\t<p>La recogida y tratamiento automatizado de sus datos personales tiene como finalidad hacerle participar en los concursos y promociones que ofrecemos a trav\u00e9s de nuestra web https:\/\/www.clinicasciaini.com\/ as\u00ed como recibir nuestro Newsletter si as\u00ed lo desea. Por la presente, usted consiente el tratamiento de sus datos con el fin de ser utilizados para el env\u00edo de promociones publicitarias y prospecci\u00f3n comercial a trav\u00e9s de cualquier medio, incluyendo por v\u00eda electr\u00f3nica, por la empresa Policl\u00ednica Sciaini y otras relacionadas con los sectores de las telecomunicaciones, financiero, ocio, formaci\u00f3n, gran consumo, automoci\u00f3n y energ\u00eda.<\/p>\t\t\t\t\t\t\t\t<\/div>\n\t\t\t\t<\/div>\n\t\t\t\t<div class=\"elementor-element elementor-element-7b749de elementor-widget elementor-widget-heading\" data-id=\"7b749de\" data-element_type=\"widget\" data-e-type=\"widget\" data-widget_type=\"heading.default\">\n\t\t\t\t<div class=\"elementor-widget-container\">\n\t\t\t\t\t<h2 class=\"elementor-heading-title elementor-size-default\">DERECHOS DE ACCESO, RECTIFICACI\u00d3N Y CANCELACI\u00d3N<\/h2>\t\t\t\t<\/div>\n\t\t\t\t<\/div>\n\t\t\t\t<div class=\"elementor-element elementor-element-570cce4 elementor-widget elementor-widget-text-editor\" data-id=\"570cce4\" data-element_type=\"widget\" data-e-type=\"widget\" data-widget_type=\"text-editor.default\">\n\t\t\t\t<div class=\"elementor-widget-container\">\n\t\t\t\t\t\t\t\t\t<p>En todo momento podr\u00e1 ejercitar su derecho de acceso, rectificaci\u00f3n, cancelaci\u00f3n y oposici\u00f3n enviando su solicitud escrita y firmada dirigida al Departamento Legal de Policl\u00ednica Sciaini acompa\u00f1ando fotocopia de su DNI a la direcci\u00f3n postal arriba indicada o bien a la siguiente direcci\u00f3n de correo electr\u00f3nico info@clinicasciaini.com . Asimismo, en cualquier momento podr\u00e1 revocar el consentimiento arriba prestado para la cesi\u00f3n de sus datos personales y la recepci\u00f3n de comunicaciones comerciales enviando una comunicaci\u00f3n en este sentido a la direcci\u00f3n de correo electr\u00f3nico indicando la palabra \u201cBaja\u201d en el asunto a la direcci\u00f3n de correo electr\u00f3nico arriba referenciada.<\/p>\t\t\t\t\t\t\t\t<\/div>\n\t\t\t\t<\/div>\n\t\t\t\t<div class=\"elementor-element elementor-element-10efc27 elementor-widget elementor-widget-heading\" data-id=\"10efc27\" data-element_type=\"widget\" data-e-type=\"widget\" data-widget_type=\"heading.default\">\n\t\t\t\t<div class=\"elementor-widget-container\">\n\t\t\t\t\t<h2 class=\"elementor-heading-title elementor-size-default\">CESI\u00d3N<\/h2>\t\t\t\t<\/div>\n\t\t\t\t<\/div>\n\t\t\t\t<div class=\"elementor-element elementor-element-a2f3d9c elementor-widget elementor-widget-text-editor\" data-id=\"a2f3d9c\" data-element_type=\"widget\" data-e-type=\"widget\" data-widget_type=\"text-editor.default\">\n\t\t\t\t<div class=\"elementor-widget-container\">\n\t\t\t\t\t\t\t\t\t<p>Si usted es premiado en alguno de nuestros concursos o promociones, autoriza la publicaci\u00f3n de sus datos personales en nuestra Web y en los perfiles sociales de Policl\u00ednica Sciaini de Facebook, YouTube, Twitter, Instagram, Google y Pinterest a efectos de anunciar quien ha sido la persona ganadora. Asimismo, usted consiente la comunicaci\u00f3n de sus datos a proveedores externos de\u00a0Policl\u00ednica Sciaini relacionados con los sectores de las telecomunicaciones, financiero, ocio, formaci\u00f3n, gran consumo, automoci\u00f3n y energ\u00eda, a fin de ser utilizados para el env\u00edo de promociones publicitarias y prospecci\u00f3n comercial.<\/p>\t\t\t\t\t\t\t\t<\/div>\n\t\t\t\t<\/div>\n\t\t\t\t\t<\/div>\n\t\t<\/div>\n\t\t\t\t\t<\/div>\n\t\t<\/section>\n\t\t\t\t<section class=\"elementor-section elementor-top-section elementor-element elementor-element-4d63fec elementor-section-boxed elementor-section-height-default elementor-section-height-default\" data-id=\"4d63fec\" data-element_type=\"section\" data-e-type=\"section\">\n\t\t\t\t\t\t<div class=\"elementor-container elementor-column-gap-default\">\n\t\t\t\t\t<div class=\"elementor-column elementor-col-100 elementor-top-column elementor-element elementor-element-c20b308\" data-id=\"c20b308\" data-element_type=\"column\" data-e-type=\"column\">\n\t\t\t<div class=\"elementor-widget-wrap elementor-element-populated\">\n\t\t\t\t\t\t<div class=\"elementor-element elementor-element-edb99f8 elementor-widget elementor-widget-spacer\" data-id=\"edb99f8\" data-element_type=\"widget\" data-e-type=\"widget\" data-widget_type=\"spacer.default\">\n\t\t\t\t<div class=\"elementor-widget-container\">\n\t\t\t\t\t\t\t<div class=\"elementor-spacer\">\n\t\t\t<div class=\"elementor-spacer-inner\"><\/div>\n\t\t<\/div>\n\t\t\t\t\t\t<\/div>\n\t\t\t\t<\/div>\n\t\t\t\t\t<\/div>\n\t\t<\/div>\n\t\t\t\t\t<\/div>\n\t\t<\/section>\n\t\t\t\t<\/div>","protected":false},"excerpt":{"rendered":"<p>Pol\u00edtica privacidad IDENTIDAD Y DIRECCI\u00d3N DEL RESPONSABLE DEL FICHERO DONDE SE ENCUENTRAN SUS DATOS En virtud de la Ley Org\u00e1nica 15\/1999, de 13 de diciembre, Protecci\u00f3n de Datos de Car\u00e1cter Personal, Policl\u00ednica Sciaini con domicilio social en Federico Tapia 58 15005 A Coru\u00f1a (de ahora en adelante el Responsable del Fichero), le informa que al &#8230; <a title=\"Pol\u00edtica de privacidad\" class=\"read-more\" href=\"https:\/\/clinicavaleriasciaini.com\/en\/politica-de-privacidad\/\" aria-label=\"Read more about Pol\u00edtica de privacidad\">Read more<\/a><\/p>","protected":false},"author":1,"featured_media":0,"parent":0,"menu_order":0,"comment_status":"closed","ping_status":"closed","template":"","meta":{"footnotes":""},"class_list":["post-3","page","type-page","status-publish"],"_links":{"self":[{"href":"https:\/\/clinicavaleriasciaini.com\/en\/wp-json\/wp\/v2\/pages\/3","targetHints":{"allow":["GET"]}}],"collection":[{"href":"https:\/\/clinicavaleriasciaini.com\/en\/wp-json\/wp\/v2\/pages"}],"about":[{"href":"https:\/\/clinicavaleriasciaini.com\/en\/wp-json\/wp\/v2\/types\/page"}],"author":[{"embeddable":true,"href":"https:\/\/clinicavaleriasciaini.com\/en\/wp-json\/wp\/v2\/users\/1"}],"replies":[{"embeddable":true,"href":"https:\/\/clinicavaleriasciaini.com\/en\/wp-json\/wp\/v2\/comments?post=3"}],"version-history":[{"count":10,"href":"https:\/\/clinicavaleriasciaini.com\/en\/wp-json\/wp\/v2\/pages\/3\/revisions"}],"predecessor-version":[{"id":5785,"href":"https:\/\/clinicavaleriasciaini.com\/en\/wp-json\/wp\/v2\/pages\/3\/revisions\/5785"}],"wp:attachment":[{"href":"https:\/\/clinicavaleriasciaini.com\/en\/wp-json\/wp\/v2\/media?parent=3"}],"curies":[{"name":"wp","href":"https:\/\/api.w.org\/{rel}","templated":true}]}}