{"id":5483,"date":"2022-08-12T08:06:33","date_gmt":"2022-08-12T08:06:33","guid":{"rendered":"http:\/\/mallorcaempresa.com\/clinicasciaini\/?page_id=5483"},"modified":"2023-02-27T12:15:46","modified_gmt":"2023-02-27T12:15:46","slug":"aviso-legal","status":"publish","type":"page","link":"https:\/\/clinicavaleriasciaini.com\/en\/aviso-legal\/","title":{"rendered":"Aviso Legal"},"content":{"rendered":"<div data-elementor-type=\"wp-page\" data-elementor-id=\"5483\" class=\"elementor elementor-5483\" data-elementor-post-type=\"page\">\n\t\t\t\t\t\t<section class=\"elementor-section elementor-top-section elementor-element elementor-element-a4701e9 elementor-section-boxed elementor-section-height-default elementor-section-height-default\" data-id=\"a4701e9\" data-element_type=\"section\" data-e-type=\"section\">\n\t\t\t\t\t\t<div class=\"elementor-container elementor-column-gap-default\">\n\t\t\t\t\t<div class=\"elementor-column elementor-col-100 elementor-top-column elementor-element elementor-element-63ec7d3\" data-id=\"63ec7d3\" data-element_type=\"column\" data-e-type=\"column\">\n\t\t\t<div class=\"elementor-widget-wrap elementor-element-populated\">\n\t\t\t\t\t\t<div class=\"elementor-element elementor-element-d8501e3 elementor-widget elementor-widget-heading\" data-id=\"d8501e3\" data-element_type=\"widget\" data-e-type=\"widget\" data-widget_type=\"heading.default\">\n\t\t\t\t<div class=\"elementor-widget-container\">\n\t\t\t\t\t<h2 class=\"elementor-heading-title elementor-size-default\">aVISO LEGAL<\/h2>\t\t\t\t<\/div>\n\t\t\t\t<\/div>\n\t\t\t\t\t<\/div>\n\t\t<\/div>\n\t\t\t\t\t<\/div>\n\t\t<\/section>\n\t\t\t\t<section class=\"elementor-section elementor-top-section elementor-element elementor-element-bec2e28 elementor-section-boxed elementor-section-height-default elementor-section-height-default\" data-id=\"bec2e28\" data-element_type=\"section\" data-e-type=\"section\">\n\t\t\t\t\t\t<div class=\"elementor-container elementor-column-gap-default\">\n\t\t\t\t\t<div class=\"elementor-column elementor-col-100 elementor-top-column elementor-element elementor-element-1fcc31c\" data-id=\"1fcc31c\" data-element_type=\"column\" data-e-type=\"column\">\n\t\t\t<div class=\"elementor-widget-wrap elementor-element-populated\">\n\t\t\t\t\t\t<div class=\"elementor-element elementor-element-4d684dd elementor-widget elementor-widget-heading\" data-id=\"4d684dd\" data-element_type=\"widget\" data-e-type=\"widget\" data-widget_type=\"heading.default\">\n\t\t\t\t<div class=\"elementor-widget-container\">\n\t\t\t\t\t<h2 class=\"elementor-heading-title elementor-size-default\">AVISO LEGAL, T\u00c9RMINOS Y CONDICIONES DEL USO MEDIANTE ESTE AVISO<\/h2>\t\t\t\t<\/div>\n\t\t\t\t<\/div>\n\t\t\t\t<div class=\"elementor-element elementor-element-f064654 elementor-widget elementor-widget-text-editor\" data-id=\"f064654\" data-element_type=\"widget\" data-e-type=\"widget\" data-widget_type=\"text-editor.default\">\n\t\t\t\t<div class=\"elementor-widget-container\">\n\t\t\t\t\t\t\t\t\t<p>Policl\u00ednica Sciaini informa a los usuarios de la p\u00e1gina web de su pol\u00edtica de protecci\u00f3n de datos de car\u00e1cter personal. La utilizaci\u00f3n del espacio web de Policl\u00ednica Sciaini y de cualquiera de los servicios que se incorporan presupone la plena aceptaci\u00f3n de las condiciones que se manifiestan en la pol\u00edtica de privacidad que se expone.<\/p>\t\t\t\t\t\t\t\t<\/div>\n\t\t\t\t<\/div>\n\t\t\t\t<div class=\"elementor-element elementor-element-119f0d5 elementor-widget elementor-widget-heading\" data-id=\"119f0d5\" data-element_type=\"widget\" data-e-type=\"widget\" data-widget_type=\"heading.default\">\n\t\t\t\t<div class=\"elementor-widget-container\">\n\t\t\t\t\t<h2 class=\"elementor-heading-title elementor-size-default\">RECOGIDA DE DATOS<\/h2>\t\t\t\t<\/div>\n\t\t\t\t<\/div>\n\t\t\t\t<div class=\"elementor-element elementor-element-597c8b7 elementor-widget elementor-widget-text-editor\" data-id=\"597c8b7\" data-element_type=\"widget\" data-e-type=\"widget\" data-widget_type=\"text-editor.default\">\n\t\t\t\t<div class=\"elementor-widget-container\">\n\t\t\t\t\t\t\t\t\t<p>Dando cumplimiento a la Ley 15\/1999, de 13 de diciembre, de protecci\u00f3n de datos de car\u00e1cter personal, se informa que los datos de car\u00e1cter personal que se solicitan en nuestros formularios se incluir\u00e1n en un fichero de datos personales el responsable y titular del cual es Policl\u00ednica Sciaini. As\u00ed mismo, cuando una persona rellena cualquiera de los formularios con los datos personales que se solicitan y acepta el env\u00edo, autoriza expresamente a Policl\u00ednica Sciaini a tratar o incorporar en el fichero automatizado de su propiedad los datos personales facilitados en el formulario mencionado y todos los datos que se generen en relaci\u00f3n con su participaci\u00f3n o uso de los diferentes eventos que se ofrecen en esta p\u00e1gina web.<\/p><p>Salvo que espec\u00edficamente se establezca lo contrario, se considerar\u00e1 necesario rellenar todos los campos de cada formulario, para ello el usuario deber\u00e1 rellenar los formularios con datos verdaderos, exactos, completos y actualizados. El usuario ser\u00e1 el \u00fanico responsable de cualquier da\u00f1o o perjuicio, directo y indirecto, que ocasione a Policl\u00ednica Sciaini o a cualquier tercero por rellenar los formularios con datos falsos, inexactos, incompletos o no actualizados o con datos de terceros. A trav\u00e9s de las diferentes \u00e1reas que forman parte de este espacio web, los usuarios pueden obtener informaci\u00f3n, realizar consultas y participar los diferentes eventos que Policl\u00ednica Sciaini ofrezca mediante su espacio web.<\/p>\t\t\t\t\t\t\t\t<\/div>\n\t\t\t\t<\/div>\n\t\t\t\t<div class=\"elementor-element elementor-element-59df882 elementor-widget elementor-widget-heading\" data-id=\"59df882\" data-element_type=\"widget\" data-e-type=\"widget\" data-widget_type=\"heading.default\">\n\t\t\t\t<div class=\"elementor-widget-container\">\n\t\t\t\t\t<h2 class=\"elementor-heading-title elementor-size-default\">FINALIDADES DEL TRATAMIENTO<\/h2>\t\t\t\t<\/div>\n\t\t\t\t<\/div>\n\t\t\t\t<div class=\"elementor-element elementor-element-64298ec elementor-widget elementor-widget-text-editor\" data-id=\"64298ec\" data-element_type=\"widget\" data-e-type=\"widget\" data-widget_type=\"text-editor.default\">\n\t\t\t\t<div class=\"elementor-widget-container\">\n\t\t\t\t\t\t\t\t\t<p>Los datos facilitados nunca ser\u00e1n utilizados con una finalidad diferente de aquella para la cual han sido cedidos, y ser\u00e1n cancelados inmediatamente despu\u00e9s de dejar de ser necesarios para esta finalidad, excepto cuando una ley establezca otra cosa.<\/p><p>Cuando la persona interesada env\u00eda los datos personales y la direcci\u00f3n electr\u00f3nica a Policl\u00ednica Sciaini, autoriza expresamente la utilizaci\u00f3n a efectos de comunicaciones peri\u00f3dicas, incluyendo expresamente las que se realicen por correo electr\u00f3nico que Policl\u00ednica Sciaini o las entidades pertenecientes a el \u00e1mbito empresarial de Policl\u00ednica Sciaini lleven a t\u00e9rmino con los usuarios, y posibles interesados, para informarles de las noticias, eventos, etc\u2026<\/p><p>Al margen de lo que se ha dicho anteriormente, la recogida y el tratamiento automatizado de los datos personales facilitados tienen igualmente como finalidad la gesti\u00f3n administrativa y la ejecuci\u00f3n y el desarrollo de toda actividad profesional propia de Policl\u00ednica Sciaini y la gesti\u00f3n del usuario en los diferentes servicios puestos a su disposici\u00f3n (a efectos meramente informativos: solicitud de informaci\u00f3n sobre eventos).<\/p>\t\t\t\t\t\t\t\t<\/div>\n\t\t\t\t<\/div>\n\t\t\t\t<div class=\"elementor-element elementor-element-20920c3 elementor-widget elementor-widget-heading\" data-id=\"20920c3\" data-element_type=\"widget\" data-e-type=\"widget\" data-widget_type=\"heading.default\">\n\t\t\t\t<div class=\"elementor-widget-container\">\n\t\t\t\t\t<h2 class=\"elementor-heading-title elementor-size-default\">SEGURIDAD<\/h2>\t\t\t\t<\/div>\n\t\t\t\t<\/div>\n\t\t\t\t<div class=\"elementor-element elementor-element-e624114 elementor-widget elementor-widget-text-editor\" data-id=\"e624114\" data-element_type=\"widget\" data-e-type=\"widget\" data-widget_type=\"text-editor.default\">\n\t\t\t\t<div class=\"elementor-widget-container\">\n\t\t\t\t\t\t\t\t\t<p>Toda la informaci\u00f3n relativa a datos de car\u00e1cter personal recibida por Policl\u00ednica Sciaini es tratada con la m\u00e1xima confidencialidad, y se procede \u00fanicamente a las comunicaciones estrictamente necesarias para la prestaci\u00f3n del servicio que interesa en cada caso y las comunicaciones y cesiones autorizadas por el usuario mediante esta pol\u00edtica de privacidad.<\/p><p>Policl\u00ednica Sciaini ha adoptado los niveles de seguridad de protecci\u00f3n de datos personales requeridos legalmente y ha instalado los medios y medidas t\u00e9cnicas a su alcance para evitar la p\u00e9rdida, el mal uso, la alteraci\u00f3n de los datos personales facilitados y el acceso no autorizado a estos datos.<\/p><p>El usuario tiene derecho a acceder a la informaci\u00f3n que le concierne recopilada en los ficheros de Policl\u00ednica Sciaini, rectificarla si es err\u00f3nea, cancelarla o oponerse a su tratamiento, por la v\u00eda del correo electr\u00f3nico a la direcci\u00f3n info@clinicasciaini.com<\/p>\t\t\t\t\t\t\t\t<\/div>\n\t\t\t\t<\/div>\n\t\t\t\t<div class=\"elementor-element elementor-element-9c37deb elementor-widget elementor-widget-heading\" data-id=\"9c37deb\" data-element_type=\"widget\" data-e-type=\"widget\" data-widget_type=\"heading.default\">\n\t\t\t\t<div class=\"elementor-widget-container\">\n\t\t\t\t\t<h2 class=\"elementor-heading-title elementor-size-default\">CESI\u00d3N DE DATOS<\/h2>\t\t\t\t<\/div>\n\t\t\t\t<\/div>\n\t\t\t\t<div class=\"elementor-element elementor-element-829aaff elementor-widget elementor-widget-text-editor\" data-id=\"829aaff\" data-element_type=\"widget\" data-e-type=\"widget\" data-widget_type=\"text-editor.default\">\n\t\t\t\t<div class=\"elementor-widget-container\">\n\t\t\t\t\t\t\t\t\t<p>El usuario acepta que sus datos puedan ser cedidos, exclusivamente para las finalidades descritas anteriormente, a las entidades con las que participa Policl\u00ednica Sciaini. La aceptaci\u00f3n del usuario que sus datos puedan ser tratados o cedidos de la manera establecida en este par\u00e1grafo tiene siempre el car\u00e1cter de revocable, sin efectos retroactivos, de acuerdo con lo que disponen los art\u00edculos 6 y 11 de la Ley org\u00e1nica 15\/1999, de 13 de diciembre<\/p>\t\t\t\t\t\t\t\t<\/div>\n\t\t\t\t<\/div>\n\t\t\t\t<div class=\"elementor-element elementor-element-7a7d5ac elementor-widget elementor-widget-heading\" data-id=\"7a7d5ac\" data-element_type=\"widget\" data-e-type=\"widget\" data-widget_type=\"heading.default\">\n\t\t\t\t<div class=\"elementor-widget-container\">\n\t\t\t\t\t<h2 class=\"elementor-heading-title elementor-size-default\">MODIFICACI\u00d3N DE ESTA POL\u00cdTICA DE PRIVACIDAD<\/h2>\t\t\t\t<\/div>\n\t\t\t\t<\/div>\n\t\t\t\t<div class=\"elementor-element elementor-element-a991cea elementor-widget elementor-widget-text-editor\" data-id=\"a991cea\" data-element_type=\"widget\" data-e-type=\"widget\" data-widget_type=\"text-editor.default\">\n\t\t\t\t<div class=\"elementor-widget-container\">\n\t\t\t\t\t\t\t\t\t<p>Policl\u00ednica Sciaini se reserva el derecho de modificar su pol\u00edtica de protecci\u00f3n de datos de acuerdo con su criterio, o a causa de un cambio legislativo, jurisprudencial o en la pr\u00e1ctica empresarial. Si Policl\u00ednica Sciaini, introduce alguna modificaci\u00f3n, el nuevo texto ser\u00e1 publicado en esta misma p\u00e1gina, donde el usuario podr\u00e1 tener conocimiento de la pol\u00edtica de protecci\u00f3n de datos. Sea como sea, la relaci\u00f3n con los usuarios se regir\u00e1 por las normas previstas en el momento preciso en que se accede al espacio web.<\/p><p>Policl\u00ednica Sciaini ha adoptado los niveles de seguridad de protecci\u00f3n de datos personales requeridos legalmente y ha instalado los medios y medidas t\u00e9cnicas a su alcance para evitar la p\u00e9rdida, el mal uso, la alteraci\u00f3n de los datos personales facilitados y el acceso no autorizado a estos datos.<\/p><p>El usuario tiene derecho a acceder a la informaci\u00f3n que le concierne recopilada en los ficheros de Policl\u00ednica Sciaini, rectificarla si es err\u00f3nea, cancelarla o oponerse a su tratamiento, por la v\u00eda del correo electr\u00f3nico a la direcci\u00f3n info@clinicasciaini.com<\/p>\t\t\t\t\t\t\t\t<\/div>\n\t\t\t\t<\/div>\n\t\t\t\t\t<\/div>\n\t\t<\/div>\n\t\t\t\t\t<\/div>\n\t\t<\/section>\n\t\t\t\t<section class=\"elementor-section elementor-top-section elementor-element elementor-element-3d853a3 elementor-section-boxed elementor-section-height-default elementor-section-height-default\" data-id=\"3d853a3\" data-element_type=\"section\" data-e-type=\"section\">\n\t\t\t\t\t\t<div class=\"elementor-container elementor-column-gap-default\">\n\t\t\t\t\t<div class=\"elementor-column elementor-col-100 elementor-top-column elementor-element elementor-element-7e3af1a\" data-id=\"7e3af1a\" data-element_type=\"column\" data-e-type=\"column\">\n\t\t\t<div class=\"elementor-widget-wrap elementor-element-populated\">\n\t\t\t\t\t\t<div class=\"elementor-element elementor-element-2339bc1 elementor-widget elementor-widget-spacer\" data-id=\"2339bc1\" data-element_type=\"widget\" data-e-type=\"widget\" data-widget_type=\"spacer.default\">\n\t\t\t\t<div class=\"elementor-widget-container\">\n\t\t\t\t\t\t\t<div class=\"elementor-spacer\">\n\t\t\t<div class=\"elementor-spacer-inner\"><\/div>\n\t\t<\/div>\n\t\t\t\t\t\t<\/div>\n\t\t\t\t<\/div>\n\t\t\t\t\t<\/div>\n\t\t<\/div>\n\t\t\t\t\t<\/div>\n\t\t<\/section>\n\t\t\t\t<\/div>","protected":false},"excerpt":{"rendered":"<p>aVISO LEGAL AVISO LEGAL, T\u00c9RMINOS Y CONDICIONES DEL USO MEDIANTE ESTE AVISO Policl\u00ednica Sciaini informa a los usuarios de la p\u00e1gina web de su pol\u00edtica de protecci\u00f3n de datos de car\u00e1cter personal. La utilizaci\u00f3n del espacio web de Policl\u00ednica Sciaini y de cualquiera de los servicios que se incorporan presupone la plena aceptaci\u00f3n de las &#8230; <a title=\"Aviso Legal\" class=\"read-more\" href=\"https:\/\/clinicavaleriasciaini.com\/en\/aviso-legal\/\" aria-label=\"Read more about Aviso Legal\">Read more<\/a><\/p>","protected":false},"author":2,"featured_media":0,"parent":0,"menu_order":0,"comment_status":"closed","ping_status":"closed","template":"","meta":{"footnotes":""},"class_list":["post-5483","page","type-page","status-publish"],"_links":{"self":[{"href":"https:\/\/clinicavaleriasciaini.com\/en\/wp-json\/wp\/v2\/pages\/5483","targetHints":{"allow":["GET"]}}],"collection":[{"href":"https:\/\/clinicavaleriasciaini.com\/en\/wp-json\/wp\/v2\/pages"}],"about":[{"href":"https:\/\/clinicavaleriasciaini.com\/en\/wp-json\/wp\/v2\/types\/page"}],"author":[{"embeddable":true,"href":"https:\/\/clinicavaleriasciaini.com\/en\/wp-json\/wp\/v2\/users\/2"}],"replies":[{"embeddable":true,"href":"https:\/\/clinicavaleriasciaini.com\/en\/wp-json\/wp\/v2\/comments?post=5483"}],"version-history":[{"count":4,"href":"https:\/\/clinicavaleriasciaini.com\/en\/wp-json\/wp\/v2\/pages\/5483\/revisions"}],"predecessor-version":[{"id":5788,"href":"https:\/\/clinicavaleriasciaini.com\/en\/wp-json\/wp\/v2\/pages\/5483\/revisions\/5788"}],"wp:attachment":[{"href":"https:\/\/clinicavaleriasciaini.com\/en\/wp-json\/wp\/v2\/media?parent=5483"}],"curies":[{"name":"wp","href":"https:\/\/api.w.org\/{rel}","templated":true}]}}