{"id":6123,"date":"2024-01-01T03:51:09","date_gmt":"2024-01-01T03:51:09","guid":{"rendered":"https:\/\/clinicavaleriasciaini.com\/?page_id=6123"},"modified":"2024-01-01T03:51:09","modified_gmt":"2024-01-01T03:51:09","slug":"accesibilidad","status":"publish","type":"page","link":"https:\/\/clinicavaleriasciaini.com\/en\/accesibilidad\/","title":{"rendered":"Documento de accesibilidad de clinicavaleriasciaini.com"},"content":{"rendered":"<h3 class=\"wp-block-heading\">Estado de conformidad<\/h3>\n\n\n\n<p>Las\u00a0<a href=\"https:\/\/www.w3.org\/WAI\/standards-guidelines\/wcag\/\">Guias de Accesibilidad de Contenido Web (WCAG)<\/a>\u00a0definen los requerimientos para dise\u00f1adores y desarrolladores para mejorar la accesibilidad a las personas con discapacidad. Se definen tres niveles de conformidad: Nivel A, Nivel AA, y Nivel AAA.<br>clinicavaleriasciaini.com.\u00a0est\u00e1\u00a0parcialmente conforme\u00a0con las normas\u00a0WCAG 2.1 level AA.<\/p>\n\n\n\n<p>Parcialmente conforme&nbsp;significa que&nbsp;algunas partes del contenido de la web no cumplen plenamente con los estandares de accesibilidad.<\/p>\n\n\n\n<h3 class=\"wp-block-heading\">Comentarios<\/h3>\n\n\n\n<p>Agradecemos tus comentarios relativos a la accesibilidad declinicavaleriasciaini.com.<br>Por favor, permitenos conocer si encuentras alguna barrera de accesibilidad en\u00a0clinicavaleriasciaini.com:<\/p>\n\n\n\n<ul class=\"wp-block-list\">\n<li>Tel\u00e9fono:<a href=\"tel:+34947510562\">\u00a0981736012\u00a0<\/a><\/li>\n\n\n\n<li>E-mail:<a href=\"mailto:info@mirsl.es\">\u00a0valeriasciaini@hotmail.com<\/a><\/li>\n\n\n\n<li>Direcci\u00f3n:\u00a0Mui\u00f1o do Vento 30 \u2013 1\u00ba Izquierda \u2013 Camari\u00f1as ( A Coru\u00f1a). Espa\u00f1a<\/li>\n<\/ul>\n\n\n\n<h3 class=\"wp-block-heading\">Especificaciones t\u00e9cnicas<\/h3>\n\n\n\n<p>La accesibilidad de\u00a0clinicavaleriasciaini.com.\u00a0se basa en las siguientes tecnolog\u00edas de trabajo con la combinaci\u00f3n particular de navegador web y alg\u00fan asistente de tecnolog\u00edas o plugins instalados en tu ordenador:<\/p>\n\n\n\n<ul class=\"wp-block-list\">\n<li>HTML<\/li>\n\n\n\n<li>WAI-ARIA<\/li>\n\n\n\n<li>CSS<\/li>\n<\/ul>\n\n\n\n<p>Se conf\u00eda en estas tecnolog\u00edas para cumplir con los est\u00e1ndares de accesibilidad utilizados.<\/p>\n\n\n\n<p>Tambi\u00e9n se incluyen herramientas para modificar tama\u00f1o de texto, contraste, colores, fuente y fondo de la web, adem\u00e1s de un narrador de texto, el cual se activa al seleccionar un texto en la web.<\/p>\n\n\n\n<hr class=\"wp-block-separator has-alpha-channel-opacity\"\/>\n\n\n\n<h3 class=\"wp-block-heading\">Fecha<\/h3>\n\n\n\n<p>Esta declaraci\u00f3n fue creada el\u00a08 de Diciembre de 2023.<\/p>","protected":false},"excerpt":{"rendered":"<p>Estado de conformidad Las\u00a0Guias de Accesibilidad de Contenido Web (WCAG)\u00a0definen los requerimientos para dise\u00f1adores y desarrolladores para mejorar la accesibilidad a las personas con discapacidad. Se definen tres niveles de conformidad: Nivel A, Nivel AA, y Nivel AAA.clinicavaleriasciaini.com.\u00a0est\u00e1\u00a0parcialmente conforme\u00a0con las normas\u00a0WCAG 2.1 level AA. Parcialmente conforme&nbsp;significa que&nbsp;algunas partes del contenido de la web no cumplen &#8230; <a title=\"Documento de accesibilidad de clinicavaleriasciaini.com\" class=\"read-more\" href=\"https:\/\/clinicavaleriasciaini.com\/en\/accesibilidad\/\" aria-label=\"Read more about Documento de accesibilidad de clinicavaleriasciaini.com\">Read more<\/a><\/p>","protected":false},"author":1,"featured_media":0,"parent":0,"menu_order":0,"comment_status":"closed","ping_status":"closed","template":"","meta":{"footnotes":""},"class_list":["post-6123","page","type-page","status-publish"],"_links":{"self":[{"href":"https:\/\/clinicavaleriasciaini.com\/en\/wp-json\/wp\/v2\/pages\/6123","targetHints":{"allow":["GET"]}}],"collection":[{"href":"https:\/\/clinicavaleriasciaini.com\/en\/wp-json\/wp\/v2\/pages"}],"about":[{"href":"https:\/\/clinicavaleriasciaini.com\/en\/wp-json\/wp\/v2\/types\/page"}],"author":[{"embeddable":true,"href":"https:\/\/clinicavaleriasciaini.com\/en\/wp-json\/wp\/v2\/users\/1"}],"replies":[{"embeddable":true,"href":"https:\/\/clinicavaleriasciaini.com\/en\/wp-json\/wp\/v2\/comments?post=6123"}],"version-history":[{"count":1,"href":"https:\/\/clinicavaleriasciaini.com\/en\/wp-json\/wp\/v2\/pages\/6123\/revisions"}],"predecessor-version":[{"id":6125,"href":"https:\/\/clinicavaleriasciaini.com\/en\/wp-json\/wp\/v2\/pages\/6123\/revisions\/6125"}],"wp:attachment":[{"href":"https:\/\/clinicavaleriasciaini.com\/en\/wp-json\/wp\/v2\/media?parent=6123"}],"curies":[{"name":"wp","href":"https:\/\/api.w.org\/{rel}","templated":true}]}}